{"id":77,"date":"2016-12-05T04:56:01","date_gmt":"2016-12-05T04:56:01","guid":{"rendered":"http:\/\/localhost\/buildpro\/?page_id=77"},"modified":"2021-03-20T22:09:03","modified_gmt":"2021-03-20T22:09:03","slug":"iletisim","status":"publish","type":"page","link":"http:\/\/www.sungurogluinsaat.com\/index.php\/iletisim\/","title":{"rendered":"\u0130leti\u015fim"},"content":{"rendered":"<p>[vc_row][vc_column offset=&#8221;vc_col-md-12&#8243;]\t<div class=\"de_tab tab_style_2\">\n\t\t        <div class=\"de_tab_content tc_style-1\">\n        \t            <div id=\"tab0\">\n                <div class=\"row\">\n                    <div class=\"col-md-6\">\n                    \t<iframe src=\"https:\/\/www.google.com\/maps\/embed?pb=!1m18!1m12!1m3!1d3056.3142930724207!2d32.87549301538325!3d40.001426679415545!2m3!1f0!2f0!3f0!3m2!1i1024!2i768!4f13.1!3m3!1m2!1s0x0%3A0x0!2zNDDCsDAwJzA1LjEiTiAzMsKwNTInMzkuNyJF!5e0!3m2!1str!2str!4v1616277859274!5m2!1str!2str\" width=\"400\" height=\"450\" style=\"border:0;\" allowfullscreen=\"\" loading=\"lazy\"><\/iframe>                    <\/div>\n                    <div class=\"col-md-6\">\n                    \t<address class=\"address-style-2\">\n<span><strong>Adres:<\/strong>K\u00f6\u015fk, G\u00fczelyaz\u0131 Sk. 8-10, 06300 Ke\u00e7i\u00f6ren\/Ankara<\/span>\n<span><strong>Email:<\/strong><a href=\"mailto:iletisim@sungurogluinsaat.com\">iletisim@sungurogluinsaat.com<\/a><\/span>\n<span><strong>Web:<\/strong><a href=\"http:\/\/www.sungurogluinsaat.com\/\">http:\/\/www.sungurogluinsaat.com\/<\/a><\/span>\n\n<\/address>                    <\/div>\n                <\/div>\n            <\/div>\n                    <\/div>\n    <\/div>\n\n[vc_empty_space height=&#8221;10px&#8221;][\/vc_column][\/vc_row]<\/p>\n","protected":false},"excerpt":{"rendered":"<p>[vc_row][vc_column offset=&#8221;vc_col-md-12&#8243;][vc_empty_space height=&#8221;10px&#8221;][\/vc_column][\/vc_row]<\/p>\n","protected":false},"author":1,"featured_media":0,"parent":0,"menu_order":0,"comment_status":"closed","ping_status":"closed","template":"page-templates\/template-fullwidth.php","meta":{"footnotes":""},"class_list":["post-77","page","type-page","status-publish","hentry"],"_links":{"self":[{"href":"http:\/\/www.sungurogluinsaat.com\/index.php\/wp-json\/wp\/v2\/pages\/77"}],"collection":[{"href":"http:\/\/www.sungurogluinsaat.com\/index.php\/wp-json\/wp\/v2\/pages"}],"about":[{"href":"http:\/\/www.sungurogluinsaat.com\/index.php\/wp-json\/wp\/v2\/types\/page"}],"author":[{"embeddable":true,"href":"http:\/\/www.sungurogluinsaat.com\/index.php\/wp-json\/wp\/v2\/users\/1"}],"replies":[{"embeddable":true,"href":"http:\/\/www.sungurogluinsaat.com\/index.php\/wp-json\/wp\/v2\/comments?post=77"}],"version-history":[{"count":3,"href":"http:\/\/www.sungurogluinsaat.com\/index.php\/wp-json\/wp\/v2\/pages\/77\/revisions"}],"predecessor-version":[{"id":1207,"href":"http:\/\/www.sungurogluinsaat.com\/index.php\/wp-json\/wp\/v2\/pages\/77\/revisions\/1207"}],"wp:attachment":[{"href":"http:\/\/www.sungurogluinsaat.com\/index.php\/wp-json\/wp\/v2\/media?parent=77"}],"curies":[{"name":"wp","href":"https:\/\/api.w.org\/{rel}","templated":true}]}}