{"id":309,"date":"2016-12-09T07:34:03","date_gmt":"2016-12-09T07:34:03","guid":{"rendered":"http:\/\/localhost\/buildpro\/?page_id=309"},"modified":"2024-08-20T13:59:48","modified_gmt":"2024-08-20T13:59:48","slug":"hakkimizda","status":"publish","type":"page","link":"http:\/\/www.sungurogluinsaat.com\/index.php\/hakkimizda\/","title":{"rendered":"Hakk\u0131m\u0131zda"},"content":{"rendered":"<p>[vc_row][vc_column offset=&#8221;vc_col-md-9&#8243;][vc_row_inner css=&#8221;.vc_custom_1481535311301{padding-bottom: 30px !important;}&#8221;][vc_column_inner el_class=&#8221;bg-box padd30&#8243; offset=&#8221;vc_col-md-6&#8243;]\n\t\t<div class=\"feature-box-small-icon \">\n        <span class=\"icon\">\n        \t<i class=\"icon_comment_alt id-color\"><\/i>\n        <\/span>\n        <div class=\"text\">\n            <h3>Vizyonumuz<\/h3>\n            Sunguro\u011flu \u0130n\u015faat 1982 y\u0131l\u0131nda, temel ta\u015flar\u0131 sa\u011flam yere basan bir firma olarak kurulmu\u015f ve kendinden emin ad\u0131mlarla ilerleyerek in\u015faat sekt\u00f6r\u00fcnde k\u00fc\u00e7\u00fck ve b\u00fcy\u00fck \u00e7apl\u0131 projelerle marka de\u011ferini korumu\u015ftur. Kalite ve d\u00fcr\u00fcstl\u00fckten \u00f6d\u00fcn vermeyen bir politika ile daima m\u00fc\u015fterilerine g\u00fcven in\u015fa etmistir. Firmam\u0131z yeni T\u00fcrkiye&#8217;ye ayak uydurarak her ge\u00e7en y\u0131l ba\u015far\u0131 basamaklar\u0131n\u0131 h\u0131zla t\u0131rmanmaktad\u0131r. Ger\u00e7ekle\u015ftirdi\u011fi prestijli konut yap\u0131lar\u0131 ile Ankara&#8217;n\u0131n yenilenen mimarisine art\u0131 de\u011ferler katan Sunguro\u011flu \u0130n\u015faat, sundu\u011fu hizmet kalitesiyle yat\u0131r\u0131mlar\u0131n\u0131 konutta de\u011ferlendirmek isteyenlere en do\u011fru se\u00e7imleri sunmaktad\u0131r.        <\/div>\n    <\/div>\n    \n[\/vc_column_inner][vc_column_inner el_class=&#8221;bg-box padd30&#8243; offset=&#8221;vc_col-md-6&#8243;]\n\t\t<div class=\"feature-box-small-icon \">\n        <span class=\"icon\">\n        \t<i class=\"icon_clock_alt id-color\"><\/i>\n        <\/span>\n        <div class=\"text\">\n            <h3>Misyonumuz<\/h3>\n            Sunguro\u011flu \u0130n\u015faat, Anadolu&#8217;da n\u00fcfusu 1 milyonun \u00fczerindeki kentlerde ya\u015fam kalitesini art\u0131rmak isteyenlerin nitelikli konut ihtiyac\u0131n\u0131n kar\u015f\u0131lanmas\u0131na y\u00f6nelik \u00e7al\u0131\u015fmalar\u0131n\u0131 da aral\u0131ks\u0131z olarak y\u00fcr\u00fctmektedir.<\/p>\n<p>Sunguro\u011flu \u0130n\u015faat olarak kalite, g\u00fcven ve teknolojiyi bir arada sunmak i\u00e7in t\u00fcm ekip ve personellerimizle \u00e7al\u0131\u015fmak.\u00a0Vizyonumuz Yenilik\u00e7i ve \u00e7a\u011fda\u015f mimari yakla\u015f\u0131m\u0131m\u0131zla, yaln\u0131z bug\u00fcn i\u00e7in de\u011fil; y\u0131llar sonra da g\u00fcven ve konforu ya\u015fatabilecek modern, sa\u011flam ve kaliteli ya\u015fam alanlar\u0131 \u00fcretmektir.        <\/div>\n    <\/div>\n    \n[\/vc_column_inner][\/vc_row_inner][vc_row_inner css=&#8221;.vc_custom_1481530056309{padding-top: 30px !important;}&#8221;][vc_column_inner offset=&#8221;vc_col-md-6&#8243;]\t<figure class=\"pic-hover hover-scale\">\n        <span class=\"center-xy\">\n            <a class=\"image-popup\" href=\"http:\/\/www.sungurogluinsaat.com\/wp-content\/uploads\/2016\/12\/pic_6-3.jpg\">\n                <i class=\"fa fa-image btn-action btn-action-hide\"><\/i>\n            <\/a>\n        <\/span>\n        <span class=\"bg-overlay\"><\/span>\n        <img decoding=\"async\" src=\"http:\/\/www.sungurogluinsaat.com\/wp-content\/uploads\/2016\/12\/pic_6-3.jpg\" class=\"img-responsive\" alt=\"\">\n    <\/figure>\n\n[vc_custom_heading text=&#8221;Plan&#8221; font_container=&#8221;tag:h3|text_align:left&#8221; use_theme_fonts=&#8221;yes&#8221; css=&#8221;.vc_custom_1616277572596{margin-top: 20px !important;}&#8221;][vc_column_text]Sunguro\u011flu \u0130n\u015faat olarak kalite, g\u00fcven ve teknolojiyi bir arada sunmak i\u00e7in t\u00fcm ekip ve personellerimizle \u00e7al\u0131\u015fmak.\u00a0Vizyonumuz Yenilik\u00e7i ve \u00e7a\u011fda\u015f mimari yakla\u015f\u0131m\u0131m\u0131zla, yaln\u0131z bug\u00fcn i\u00e7in de\u011fil; y\u0131llar sonra da g\u00fcven ve konforu ya\u015fatabilecek modern, sa\u011flam ve kaliteli ya\u015fam alanlar\u0131 \u00fcretmektir.[\/vc_column_text][\/vc_column_inner][vc_column_inner offset=&#8221;vc_col-md-6&#8243;][vc_custom_heading text=&#8221;\u0130n\u015faat&#8221; font_container=&#8221;tag:h3|text_align:left&#8221; use_theme_fonts=&#8221;yes&#8221;][vc_column_text css=&#8221;.vc_custom_1616277544667{margin-bottom: 20px !important;}&#8221;]Firmam\u0131z yeni T\u00fcrkiye&#8217;ye ayak uydurarak her ge\u00e7en y\u0131l ba\u015far\u0131 basamaklar\u0131n\u0131 h\u0131zla t\u0131rmanmaktad\u0131r. Ger\u00e7ekle\u015ftirdi\u011fi prestijli konut yap\u0131lar\u0131 ile Ankara&#8217;n\u0131n yenilenen mimarisine art\u0131 de\u011ferler katan Sunguro\u011flu \u0130n\u015faat, sundu\u011fu hizmet kalitesiyle yat\u0131r\u0131mlar\u0131n\u0131 konutta de\u011ferlendirmek isteyenlere en do\u011fru se\u00e7imleri sunmaktad\u0131r.[\/vc_column_text]\t<figure class=\"pic-hover hover-scale\">\n        <span class=\"center-xy\">\n            <a class=\"image-popup\" href=\"http:\/\/www.sungurogluinsaat.com\/wp-content\/uploads\/2016\/12\/pic_7-1.jpg\">\n                <i class=\"fa fa-image btn-action btn-action-hide\"><\/i>\n            <\/a>\n        <\/span>\n        <span class=\"bg-overlay\"><\/span>\n        <img decoding=\"async\" src=\"http:\/\/www.sungurogluinsaat.com\/wp-content\/uploads\/2016\/12\/pic_7-1.jpg\" class=\"img-responsive\" alt=\"\">\n    <\/figure>\n\n[\/vc_column_inner][\/vc_row_inner][vc_row_inner css=&#8221;.vc_custom_1481530056309{padding-top: 30px !important;}&#8221;][vc_column_inner offset=&#8221;vc_col-md-6&#8243;]\t<figure class=\"pic-hover hover-scale\">\n        <span class=\"center-xy\">\n            <a class=\"image-popup\" href=\"http:\/\/www.sungurogluinsaat.com\/wp-content\/uploads\/2016\/08\/pic_2.jpg\">\n                <i class=\"fa fa-image btn-action btn-action-hide\"><\/i>\n            <\/a>\n        <\/span>\n        <span class=\"bg-overlay\"><\/span>\n        <img decoding=\"async\" src=\"http:\/\/www.sungurogluinsaat.com\/wp-content\/uploads\/2016\/08\/pic_2.jpg\" class=\"img-responsive\" alt=\"\">\n    <\/figure>\n\n[vc_custom_heading text=&#8221;Dan\u0131\u015fmanl\u0131k&#8221; font_container=&#8221;tag:h3|text_align:left&#8221; use_theme_fonts=&#8221;yes&#8221; css=&#8221;.vc_custom_1724162353330{margin-top: 20px !important;}&#8221;][vc_column_text]Yat\u0131r\u0131m stratejilerinde s\u00fcrd\u00fcr\u00fclebilirli\u011fi esas alan firma, bilimsel \u00e7al\u0131\u015fmalara verdi\u011fi destekle de sekt\u00f6rde fark yaratmaktad\u0131r. Sunguro\u011flu Yat\u0131r\u0131m ve Dan\u0131\u015fmanl\u0131k, profesyonel dan\u0131\u015fmanl\u0131k hizmetleriyle m\u00fc\u015fterilerinin her ad\u0131m\u0131nda yan\u0131nda olmay\u0131 hedeflemektedir.[\/vc_column_text][\/vc_column_inner][\/vc_row_inner][\/vc_column][vc_column offset=&#8221;vc_col-md-3&#8243;][vc_wp_custommenu nav_menu=&#8221;24&#8243;][vc_wp_text]<\/p>\n<div class=\"padding30 text-black\">\n<h4>Merhaba!<\/h4>\n<p>\u0130n\u015faat i\u015fleriniz i\u00e7in, tecr\u00fcbeli ve profesyonel bir kurumsal \u015firket mi ar\u0131yorsunuz?<\/p>\n<div class=\"text-center\"><a class=\"btn btn-line-black btn-fx mt20\" href=\"http:\/\/www.sungurogluinsaat.com\/index.php\/iletisim\">\u0130leti\u015fime Ge\u00e7in<\/a><\/div>\n<\/div>\n<p>[\/vc_wp_text][\/vc_column][\/vc_row]<\/p>\n","protected":false},"excerpt":{"rendered":"<p>[vc_row][vc_column offset=&#8221;vc_col-md-9&#8243;][vc_row_inner css=&#8221;.vc_custom_1481535311301{padding-bottom: 30px !important;}&#8221;][vc_column_inner el_class=&#8221;bg-box padd30&#8243; offset=&#8221;vc_col-md-6&#8243;][\/vc_column_inner][vc_column_inner el_class=&#8221;bg-box padd30&#8243; offset=&#8221;vc_col-md-6&#8243;][\/vc_column_inner][\/vc_row_inner][vc_row_inner css=&#8221;.vc_custom_1481530056309{padding-top: 30px !important;}&#8221;][vc_column_inner offset=&#8221;vc_col-md-6&#8243;][vc_custom_heading text=&#8221;Plan&#8221; font_container=&#8221;tag:h3|text_align:left&#8221; use_theme_fonts=&#8221;yes&#8221; css=&#8221;.vc_custom_1616277572596{margin-top: 20px !important;}&#8221;][vc_column_text]Sunguro\u011flu \u0130n\u015faat olarak kalite, g\u00fcven ve teknolojiyi bir arada sunmak i\u00e7in t\u00fcm ekip ve personellerimizle \u00e7al\u0131\u015fmak.\u00a0Vizyonumuz Yenilik\u00e7i ve \u00e7a\u011fda\u015f mimari yakla\u015f\u0131m\u0131m\u0131zla, yaln\u0131z bug\u00fcn i\u00e7in de\u011fil; y\u0131llar sonra da g\u00fcven ve konforu ya\u015fatabilecek modern, sa\u011flam ve [&hellip;]<\/p>\n","protected":false},"author":1,"featured_media":0,"parent":0,"menu_order":0,"comment_status":"closed","ping_status":"closed","template":"page-templates\/template-fullwidth.php","meta":{"footnotes":""},"class_list":["post-309","page","type-page","status-publish","hentry"],"_links":{"self":[{"href":"http:\/\/www.sungurogluinsaat.com\/index.php\/wp-json\/wp\/v2\/pages\/309"}],"collection":[{"href":"http:\/\/www.sungurogluinsaat.com\/index.php\/wp-json\/wp\/v2\/pages"}],"about":[{"href":"http:\/\/www.sungurogluinsaat.com\/index.php\/wp-json\/wp\/v2\/types\/page"}],"author":[{"embeddable":true,"href":"http:\/\/www.sungurogluinsaat.com\/index.php\/wp-json\/wp\/v2\/users\/1"}],"replies":[{"embeddable":true,"href":"http:\/\/www.sungurogluinsaat.com\/index.php\/wp-json\/wp\/v2\/comments?post=309"}],"version-history":[{"count":4,"href":"http:\/\/www.sungurogluinsaat.com\/index.php\/wp-json\/wp\/v2\/pages\/309\/revisions"}],"predecessor-version":[{"id":1224,"href":"http:\/\/www.sungurogluinsaat.com\/index.php\/wp-json\/wp\/v2\/pages\/309\/revisions\/1224"}],"wp:attachment":[{"href":"http:\/\/www.sungurogluinsaat.com\/index.php\/wp-json\/wp\/v2\/media?parent=309"}],"curies":[{"name":"wp","href":"https:\/\/api.w.org\/{rel}","templated":true}]}}