{"id":132,"date":"2016-12-05T10:29:21","date_gmt":"2016-12-05T10:29:21","guid":{"rendered":"http:\/\/localhost\/buildpro\/?page_id=132"},"modified":"2021-03-20T22:25:21","modified_gmt":"2021-03-20T22:25:21","slug":"projeler","status":"publish","type":"page","link":"http:\/\/www.sungurogluinsaat.com\/index.php\/projeler\/","title":{"rendered":"Projeler"},"content":{"rendered":"<p>[vc_row fullwidth=&#8221;yes&#8221; css=&#8221;.vc_custom_1480934186350{padding-top: 0px !important;padding-bottom: 0px !important;}&#8221;][vc_column]\n\t\t<div class=\"container project-filter\">\n\n        <!-- portfolio filter begin -->\n        <div class=\"row\">\n        \t            <div class=\"col-md-12\">\n                <ul id=\"filters\">\n                \t\t\t\t      \t<li><a href=\"#\" data-filter=\".konut\">Konut<\/a><\/li>\n\t\t\t    \t                    <li class=\"pull-right\"><a href=\"#\" data-filter=\"*\" class=\"selected\">All Projects<\/a><\/li>\n                <\/ul>\n            <\/div>\n                    <\/div>\n        <!-- portfolio filter close -->\n\n    <\/div>\n    \n\t<div id=\"gallery\" class=\"gallery full-gallery de-gallery pf_full_width pf_4_cols \">\n\n                <div class=\"item konut \">\n            <div class=\"picframe\">\n            \t                <a href=\"http:\/\/www.sungurogluinsaat.com\/index.php\/portfolio\/kosk\/\">\n                                    <span class=\"overlay\">\n                        <span class=\"pf_text\">\n                            <span class=\"project-name\">K\u00f6\u015fk<\/span>\n                        <\/span>\n                    <\/span>\n                <\/a>\n                <img decoding=\"async\" src=\"http:\/\/www.sungurogluinsaat.com\/wp-content\/uploads\/2016\/12\/sunguroglu-kosk.jpeg\" alt=\"\" \/>\n            <\/div>\n        <\/div>\n                <div class=\"item konut \">\n            <div class=\"picframe\">\n            \t                <a href=\"http:\/\/www.sungurogluinsaat.com\/index.php\/portfolio\/basinevleri\/\">\n                                    <span class=\"overlay\">\n                        <span class=\"pf_text\">\n                            <span class=\"project-name\">Bas\u0131nevleri<\/span>\n                        <\/span>\n                    <\/span>\n                <\/a>\n                <img decoding=\"async\" src=\"http:\/\/www.sungurogluinsaat.com\/wp-content\/uploads\/2021\/03\/sunguroglu-basinevleri-e1616275605854.jpeg\" alt=\"\" \/>\n            <\/div>\n        <\/div>\n        \n    <\/div>\n\n        <style type=\"text\/css\">\n\t    .pf_full_width.gallery_border .picframe,\n\t    .gallery_border{\n\t    \tmargin: 5px;\n\t    }\n\t    .gallery_border{\n\t    \tmargin-top: -5px;\n\t    }\n\t    .container .gallery_border{\n\t    \tmargin-left: -5px;;\n\t    \tmargin-right: -5px;;\n\t    }\n    <\/style>\n    \n[\/vc_column][\/vc_row][vc_row el_class=&#8221;bg-color&#8221; css=&#8221;.vc_custom_1480996122849{padding-top: 20px !important;padding-bottom: 20px !important;}&#8221;][vc_column]\n\t<div class=\"row call-to-action \">\n\t\t<div class=\"col-md-8\">\n\t        <h3 class=\"mt10\">\u0130n\u015faat i\u015fleriniz i\u00e7in profesyonel ekibe sahip kurumsal bir \u015firket mi ar\u0131yorsunuz?<\/h3>\n\t    <\/div>\n\t    <div class=\"col-md-4 text-right\">\n\t    \t<a class=\"btn btn-line-black btn-fx\" href=\"http:\/\/www.sungurogluinsaat.com\/index.php\/iletisim\/\" target=\"_self\">Hemen Aray\u0131n<\/a>\t    <\/div>\n    <\/div>\n\n[\/vc_column][\/vc_row]<\/p>\n","protected":false},"excerpt":{"rendered":"<p>[vc_row fullwidth=&#8221;yes&#8221; css=&#8221;.vc_custom_1480934186350{padding-top: 0px !important;padding-bottom: 0px !important;}&#8221;][vc_column][\/vc_column][\/vc_row][vc_row el_class=&#8221;bg-color&#8221; css=&#8221;.vc_custom_1480996122849{padding-top: 20px !important;padding-bottom: 20px !important;}&#8221;][vc_column][\/vc_column][\/vc_row]<\/p>\n","protected":false},"author":1,"featured_media":0,"parent":0,"menu_order":0,"comment_status":"closed","ping_status":"closed","template":"page-templates\/template-fullwidth.php","meta":{"footnotes":""},"class_list":["post-132","page","type-page","status-publish","hentry"],"_links":{"self":[{"href":"http:\/\/www.sungurogluinsaat.com\/index.php\/wp-json\/wp\/v2\/pages\/132"}],"collection":[{"href":"http:\/\/www.sungurogluinsaat.com\/index.php\/wp-json\/wp\/v2\/pages"}],"about":[{"href":"http:\/\/www.sungurogluinsaat.com\/index.php\/wp-json\/wp\/v2\/types\/page"}],"author":[{"embeddable":true,"href":"http:\/\/www.sungurogluinsaat.com\/index.php\/wp-json\/wp\/v2\/users\/1"}],"replies":[{"embeddable":true,"href":"http:\/\/www.sungurogluinsaat.com\/index.php\/wp-json\/wp\/v2\/comments?post=132"}],"version-history":[{"count":2,"href":"http:\/\/www.sungurogluinsaat.com\/index.php\/wp-json\/wp\/v2\/pages\/132\/revisions"}],"predecessor-version":[{"id":1215,"href":"http:\/\/www.sungurogluinsaat.com\/index.php\/wp-json\/wp\/v2\/pages\/132\/revisions\/1215"}],"wp:attachment":[{"href":"http:\/\/www.sungurogluinsaat.com\/index.php\/wp-json\/wp\/v2\/media?parent=132"}],"curies":[{"name":"wp","href":"https:\/\/api.w.org\/{rel}","templated":true}]}}